{"id":943,"date":"2014-07-09T15:49:22","date_gmt":"2014-07-09T15:49:22","guid":{"rendered":"http:\/\/masiacalagusti.com\/reservas-2\/"},"modified":"2023-01-26T17:02:40","modified_gmt":"2023-01-26T17:02:40","slug":"reservas","status":"publish","type":"page","link":"https:\/\/dreamy-merkle.187-127-225-223.plesk.page\/en\/reservas\/","title":{"rendered":"Booking"},"content":{"rendered":"\n<style type=\"text\/css\" data-created_by=\"avia_inline_auto\" id=\"style-css-av-av_section-be615698d4648d3621c2f8bbd31aed12\">\n.avia-section.av-av_section-be615698d4648d3621c2f8bbd31aed12{\nbackground-repeat:no-repeat;\nbackground-image:url(https:\/\/masiacalagusti.com\/wp-content\/uploads\/2015\/05\/MG_8208-1500x630.jpg);\nbackground-position:100% 50%;\nbackground-attachment:scroll;\n}\n<\/style>\n<div id='av_section_1'  class='avia-section av-av_section-be615698d4648d3621c2f8bbd31aed12 main_color avia-section-default avia-no-shadow  avia-builder-el-0  el_before_av_section  avia-builder-el-first  avia-full-stretch avia-bg-style-scroll  av-minimum-height av-minimum-height-25  container_wrap sidebar_right'  data-section-bg-repeat='stretch' data-av_minimum_height_pc='25'><div class='container av-section-cont-open' ><main  role=\"main\" itemprop=\"mainContentOfPage\"  class='template-page content  av-content-small alpha units'><div class='post-entry post-entry-type-page post-entry-943'><div class='entry-content-wrapper clearfix'>\n\n<style type=\"text\/css\" data-created_by=\"avia_inline_auto\" id=\"style-css-av-av_heading-d4a758f5befbf508d2d0e83a677cf628\">\n#top .av-special-heading.av-av_heading-d4a758f5befbf508d2d0e83a677cf628{\npadding-bottom:0px;\ncolor:#ffffff;\nfont-size:60px;\n}\n.av-special-heading.av-av_heading-d4a758f5befbf508d2d0e83a677cf628 .special-heading-inner-border{\nborder-color:#ffffff;\n}\n<\/style>\n<div  class='av-special-heading av-av_heading-d4a758f5befbf508d2d0e83a677cf628 av-special-heading-h1 custom-color-heading blockquote modern-quote  avia-builder-el-1  avia-builder-el-no-sibling  av-thin-font av-inherit-size '><h1 class='av-special-heading-tag '  itemprop=\"headline\"  >Haz tu <strong>Reserva<\/strong><\/h1><div class='special-heading-border'><div class='special-heading-inner-border'><\/div><\/div><\/div>\n\n<\/div><\/div><\/main><!-- close content main element --><\/div><\/div><div id='av_section_2'  class='avia-section av-av_section-654a09f3d2d4a5e9391d9792b6b46cf5 main_color avia-section-large avia-no-border-styling  avia-builder-el-2  el_after_av_section  el_before_av_section  avia-bg-style-scroll  container_wrap sidebar_right'  ><div class='container av-section-cont-open' ><div class='template-page content  av-content-small alpha units'><div class='post-entry post-entry-type-page post-entry-943'><div class='entry-content-wrapper clearfix'>\n<div class='flex_column av-av_one_half-2a9015ff38129c418a3f2eafba3e9512 av_one_half  avia-builder-el-3  el_before_av_one_half  avia-builder-el-first  first flex_column_div '   ><p>\n<style type=\"text\/css\" data-created_by=\"avia_inline_auto\" id=\"style-css-av-av_heading-cdf2185be0746d9b073497472030326e\">\n#top .av-special-heading.av-av_heading-cdf2185be0746d9b073497472030326e{\npadding-bottom:0px;\n}\n.av-special-heading.av-av_heading-cdf2185be0746d9b073497472030326e .av-subheading{\nfont-size:15px;\n}\n<\/style>\n<div  class='av-special-heading av-av_heading-cdf2185be0746d9b073497472030326e av-special-heading-h2 blockquote modern-quote  avia-builder-el-4  el_before_av_hr  avia-builder-el-first  av-thin-font '><h2 class='av-special-heading-tag '  itemprop=\"headline\"  >Selecciona una fecha <\/br>&#038; <strong>reserva ahora<\/strong><\/h2><div class='av-subheading av-subheading_below '><p>Confirmaremos tu reserva por email<\/p>\n<\/div><div class='special-heading-border'><div class='special-heading-inner-border'><\/div><\/div><\/div><br \/>\n\n<style type=\"text\/css\" data-created_by=\"avia_inline_auto\" id=\"style-css-av-av_image-ab8a4bf602dd2d93bbd0fa6b29aa0120\">\n.avia-image-container.av-av_image-ab8a4bf602dd2d93bbd0fa6b29aa0120 .av-image-caption-overlay-center{\ncolor:#ffffff;\n}\n<\/style>\n<div  class='avia-image-container av-av_image-ab8a4bf602dd2d93bbd0fa6b29aa0120 av-styling- avia-align-right '  itemprop=\"image\" itemscope=\"itemscope\" itemtype=\"https:\/\/schema.org\/ImageObject\" ><div class=\"avia-image-container-inner\"><div class=\"avia-image-overlay-wrap\"><img decoding=\"async\" class='wp-image-1760 avia-img-lazy-loading-not-1760 avia_image' src=\"https:\/\/masiacalagusti.com\/wp-content\/uploads\/2014\/07\/disponibilidad-1.png\" alt='' title='disponibilidad'  height=\"68\" width=\"94\"  itemprop=\"thumbnailUrl\"  \/><\/div><\/div><\/div><br \/>\n\n<style type=\"text\/css\" data-created_by=\"avia_inline_auto\" id=\"style-css-av-av_hr-ee2847e2e025ce3d30801259a03f9fd4\">\n#top .hr.hr-invisible.av-av_hr-ee2847e2e025ce3d30801259a03f9fd4{\nheight:10px;\n}\n<\/style>\n<div  class='hr av-av_hr-ee2847e2e025ce3d30801259a03f9fd4 hr-invisible  avia-builder-el-5  el_after_av_heading  el_before_av_heading  '><span class='hr-inner '><span class=\"hr-inner-style\"><\/span><\/span><\/div><br \/>\n\n<style type=\"text\/css\" data-created_by=\"avia_inline_auto\" id=\"style-css-av-av_heading-5525089d7761246c447cab8d4bd0eee8\">\n#top .av-special-heading.av-av_heading-5525089d7761246c447cab8d4bd0eee8{\npadding-bottom:0px;\n}\n<\/style>\n<div  class='av-special-heading av-av_heading-5525089d7761246c447cab8d4bd0eee8 av-special-heading-h2 blockquote modern-quote  avia-builder-el-6  el_after_av_hr  el_before_av_textblock  av-thin-font '><h2 class='av-special-heading-tag '  itemprop=\"headline\"  > <strong>Tarifas<\/strong><\/h2><div class='special-heading-border'><div class='special-heading-inner-border'><\/div><\/div><\/div><br \/>\n<section class=\"av_textblock_section \"  itemscope=\"itemscope\" itemtype=\"https:\/\/schema.org\/CreativeWork\" ><div class='avia_textblock  '   itemprop=\"text\" ><p>Estancia m\u00ednima de 1 semana<br \/>\n(7 d\u00edas, 6 noches)<\/p>\n<p>Precio por semana:<br \/>\nde 4.500\u20ac a 6.500\u20ac<\/p>\n<p>Para estancias m\u00e1s largas o diferentes:<br \/>\n\u00a1cons\u00faltanos!<\/p>\n<p>Si necesitas m\u00e1s informaci\u00f3n sobre Masia Can Agust\u00ed<br \/>\nno dudes en contactar con nosotros.<br \/>\ninfo@masiacalagusti.com<\/p>\n<\/div><\/section><\/p><\/div><div class='flex_column av-av_one_half-61f1f3fb8a14755dafdb04b8bcedc67a av_one_half  avia-builder-el-8  el_after_av_one_half  avia-builder-el-last  flex_column_div '   ><section class=\"av_textblock_section \"  itemscope=\"itemscope\" itemtype=\"https:\/\/schema.org\/CreativeWork\" ><div class='avia_textblock  '   itemprop=\"text\" ><p>[wpbs id=&#8221;1&#8243; form=&#8221;1&#8243; title=&#8221;no&#8221; legend=&#8221;no&#8221; language=&#8221;auto&#8221;]<\/p>\n<\/div><\/section><\/div><\/div><\/div><\/div><!-- close content main div --><\/div><\/div><div id='av_section_3'  class='avia-section av-av_section-e6f9e10d2057c6f5b6f7a74ef647b176 alternate_color avia-section-default avia-no-shadow  avia-builder-el-10  el_after_av_section  el_before_av_section  avia-bg-style-scroll  container_wrap sidebar_right'  ><div class='container av-section-cont-open' ><div class='template-page content  av-content-small alpha units'><div class='post-entry post-entry-type-page post-entry-943'><div class='entry-content-wrapper clearfix'>\n<div class='flex_column av-av_one_half-2a9015ff38129c418a3f2eafba3e9512 av_one_half  avia-builder-el-11  el_before_av_one_half  avia-builder-el-first  first flex_column_div '   ><style type=\"text\/css\" data-created_by=\"avia_inline_auto\" id=\"style-css-av-av_heading-eef441db2b262ee85008556c59444b35\">\n#top .av-special-heading.av-av_heading-eef441db2b262ee85008556c59444b35{\npadding-bottom:20px;\n}\n.av-special-heading.av-av_heading-eef441db2b262ee85008556c59444b35 .av-subheading{\nfont-size:15px;\n}\n<\/style>\n<div  class='av-special-heading av-av_heading-eef441db2b262ee85008556c59444b35 av-special-heading-h2 blockquote modern-quote  avia-builder-el-12  avia-builder-el-no-sibling  av-thin-font '><h2 class='av-special-heading-tag '  itemprop=\"headline\"  >Eventos<\/br><strong>Business<\/strong><\/h2><div class='av-subheading av-subheading_below '><p>Tambi\u00e9n se puede alquilar para la celebraci\u00f3n de reuniones de empresa, y producciones audiovisuales. No se admiten celebraciones nupciales ni eventos de celebraci\u00f3n familiar.<\/p>\n<\/div><div class='special-heading-border'><div class='special-heading-inner-border'><\/div><\/div><\/div><\/div><div class='flex_column av-av_one_half-61f1f3fb8a14755dafdb04b8bcedc67a av_one_half  avia-builder-el-13  el_after_av_one_half  avia-builder-el-last  flex_column_div '   ><p>\n<style type=\"text\/css\" data-created_by=\"avia_inline_auto\" id=\"style-css-av-av_image-6dde2769eb6ed7e111eb8e1e4c8f9e2e\">\n.avia-image-container.av-av_image-6dde2769eb6ed7e111eb8e1e4c8f9e2e .av-image-caption-overlay-center{\ncolor:#ffffff;\n}\n<\/style>\n<div  class='avia-image-container av-av_image-6dde2769eb6ed7e111eb8e1e4c8f9e2e av-styling- avia-align-center  avia-builder-el-14  el_before_av_image  avia-builder-el-first  '  itemprop=\"image\" itemscope=\"itemscope\" itemtype=\"https:\/\/schema.org\/ImageObject\" ><div class=\"avia-image-container-inner\"><div class=\"avia-image-overlay-wrap\"><img decoding=\"async\" class='wp-image-1728 avia-img-lazy-loading-not-1728 avia_image' src=\"https:\/\/masiacalagusti.com\/wp-content\/uploads\/2014\/07\/business01-845x321.jpg\" alt='' title='business01'  height=\"321\" width=\"845\"  itemprop=\"thumbnailUrl\"  \/><\/div><\/div><\/div><br \/>\n\n<style type=\"text\/css\" data-created_by=\"avia_inline_auto\" id=\"style-css-av-av_image-54caaf7967a91ddf577a359316880083\">\n.avia-image-container.av-av_image-54caaf7967a91ddf577a359316880083 .av-image-caption-overlay-center{\ncolor:#ffffff;\n}\n<\/style>\n<div  class='avia-image-container av-av_image-54caaf7967a91ddf577a359316880083 av-styling- avia-align-center  avia-builder-el-15  el_after_av_image  avia-builder-el-last  '  itemprop=\"image\" itemscope=\"itemscope\" itemtype=\"https:\/\/schema.org\/ImageObject\" ><div class=\"avia-image-container-inner\"><div class=\"avia-image-overlay-wrap\"><img decoding=\"async\" class='wp-image-1732 avia-img-lazy-loading-not-1732 avia_image' src=\"https:\/\/masiacalagusti.com\/wp-content\/uploads\/2014\/07\/business02-845x321.jpg\" alt='' title='business02'  height=\"321\" width=\"845\"  itemprop=\"thumbnailUrl\"  \/><\/div><\/div><\/div><\/p><\/div>\n<\/p>\n<\/div><\/div><\/div><!-- close content main div --><\/div><\/div><div id='av_section_4'  class='avia-section av-av_section-742702a1b4db1fd579e20119577e6945 main_color avia-section-default avia-no-shadow  avia-builder-el-16  el_after_av_section  avia-builder-el-last  avia-bg-style-scroll  container_wrap sidebar_right'  ><div class='container av-section-cont-open' ><div class='template-page content  av-content-small alpha units'><div class='post-entry post-entry-type-page post-entry-943'><div class='entry-content-wrapper clearfix'>\n<div  class='av_promobox av-av_promobox-1ba26aab04bfa1fb7043c5cf32caae29 avia-button-yes  avia-builder-el-17  avia-builder-el-no-sibling  '><div class='avia-promocontent'><p>Si necesitas m\u00e1s informaci\u00f3n sobre Masia Cal Agust\u00ed no dudes en contactar con nosotros.<\/p>\n<\/div><div  class='avia-button-wrap avia-button-right ' ><a href='mailto:mailto:info@masiacalagusti.com'  class='avia-button av-av_button-fe94821159dc24bf1a77cf1623400063 avia-icon_select-no avia-size-large avia-position-right avia-color-theme-color ' ><span class='avia_iconbox_title' >Contacto<\/span><\/a><\/div><\/div>\n<\/div><\/div><\/div><!-- close content main div --><\/div><\/div><div id='after_section_4'  class='main_color av_default_container_wrap container_wrap sidebar_right'  ><div class='container av-section-cont-open' ><div class='template-page content  av-content-small alpha units'><div class='post-entry post-entry-type-page post-entry-943'><div class='entry-content-wrapper clearfix'>\n","protected":false},"excerpt":{"rendered":"","protected":false},"author":1,"featured_media":0,"parent":0,"menu_order":0,"comment_status":"open","ping_status":"closed","template":"","meta":{"footnotes":""},"_links":{"self":[{"href":"https:\/\/dreamy-merkle.187-127-225-223.plesk.page\/en\/wp-json\/wp\/v2\/pages\/943"}],"collection":[{"href":"https:\/\/dreamy-merkle.187-127-225-223.plesk.page\/en\/wp-json\/wp\/v2\/pages"}],"about":[{"href":"https:\/\/dreamy-merkle.187-127-225-223.plesk.page\/en\/wp-json\/wp\/v2\/types\/page"}],"author":[{"embeddable":true,"href":"https:\/\/dreamy-merkle.187-127-225-223.plesk.page\/en\/wp-json\/wp\/v2\/users\/1"}],"replies":[{"embeddable":true,"href":"https:\/\/dreamy-merkle.187-127-225-223.plesk.page\/en\/wp-json\/wp\/v2\/comments?post=943"}],"version-history":[{"count":14,"href":"https:\/\/dreamy-merkle.187-127-225-223.plesk.page\/en\/wp-json\/wp\/v2\/pages\/943\/revisions"}],"predecessor-version":[{"id":1765,"href":"https:\/\/dreamy-merkle.187-127-225-223.plesk.page\/en\/wp-json\/wp\/v2\/pages\/943\/revisions\/1765"}],"wp:attachment":[{"href":"https:\/\/dreamy-merkle.187-127-225-223.plesk.page\/en\/wp-json\/wp\/v2\/media?parent=943"}],"curies":[{"name":"wp","href":"https:\/\/api.w.org\/{rel}","templated":true}]}}